{"id":51,"date":"2026-01-30T16:51:52","date_gmt":"2026-01-30T16:51:52","guid":{"rendered":"https:\/\/didactik.vip\/?page_id=51"},"modified":"2026-03-11T14:39:40","modified_gmt":"2026-03-11T14:39:40","slug":"inicio","status":"publish","type":"page","link":"https:\/\/didactik.vip\/","title":{"rendered":"Prep\u00e1rate para el EGEL y Especial\u00edzate en Psicolog\u00eda"},"content":{"rendered":"\n<div class=\"wp-block-media-text is-stacked-on-mobile has-background\" style=\"border-style:none;border-width:0px;border-top-left-radius:10px;border-top-right-radius:10px;border-bottom-left-radius:10px;border-bottom-right-radius:10px;background-color:#f9f8f8;grid-template-columns:21% auto\"><figure class=\"wp-block-media-text__media\"><img loading=\"lazy\" decoding=\"async\" width=\"683\" height=\"1024\" src=\"https:\/\/didactik.vip\/wp-content\/uploads\/2026\/03\/Charlise.estudiando-683x1024.png\" alt=\"\" class=\"wp-image-500 size-full\" srcset=\"https:\/\/didactik.vip\/wp-content\/uploads\/2026\/03\/Charlise.estudiando-683x1024.png 683w, https:\/\/didactik.vip\/wp-content\/uploads\/2026\/03\/Charlise.estudiando-200x300.png 200w, https:\/\/didactik.vip\/wp-content\/uploads\/2026\/03\/Charlise.estudiando-768x1152.png 768w, https:\/\/didactik.vip\/wp-content\/uploads\/2026\/03\/Charlise.estudiando-1024x1536.png 1024w, https:\/\/didactik.vip\/wp-content\/uploads\/2026\/03\/Charlise.estudiando-1366x2048.png 1366w, https:\/\/didactik.vip\/wp-content\/uploads\/2026\/03\/Charlise.estudiando-scaled.png 1707w\" sizes=\"auto, (max-width: 683px) 100vw, 683px\" \/><\/figure><div class=\"wp-block-media-text__content\">\n<h3 class=\"wp-block-heading has-text-align-center\"><em>Aprende desde lo pr\u00e1ctico<\/em><\/h3>\n\n\n\n<p class=\"has-text-align-center\">Cursos de psicolog\u00eda con metodolog\u00eda pr\u00e1ctica, personalizada y enfocada en resultados:\u00a0<strong>EGEL CENEVAL<\/strong>\u00a0y especialidades en \u00e1reas cl\u00ednica, educativa y organizacional.<br>Te vas a sorprender de todo lo que en la carrera no se ve a fondo. Aqu\u00ed lo aterrizas, lo practicas y lo dominas.<\/p>\n\n\n\n<h3 class=\"wp-block-heading has-text-align-center\"><em>Te preparas en serio para destacar\u00a0<\/em><\/h3>\n<\/div><\/div>\n\n\n\n<div class=\"wp-block-columns is-layout-flex wp-container-core-columns-is-layout-9d6595d7 wp-block-columns-is-layout-flex\">\n<div class=\"wp-block-column has-theme-palette-8-background-color has-background is-layout-flow wp-block-column-is-layout-flow\" style=\"border-top-left-radius:10px;border-top-right-radius:10px;border-bottom-left-radius:10px;border-bottom-right-radius:10px;padding-top:0;padding-right:0;padding-bottom:0;padding-left:0\">\n<h3 class=\"wp-block-heading has-text-align-center\" style=\"margin-top:var(--wp--preset--spacing--50);margin-bottom:var(--wp--preset--spacing--50)\"><em>\u00bfQu\u00e9 nos diferencia?<\/em><\/h3>\n\n\n\n<p class=\"has-text-align-center\" style=\"margin-right:var(--wp--preset--spacing--20);margin-left:var(--wp--preset--spacing--20)\">Nos dedicamos a que aprendas lo que realmente importa en el mundo profesional: no solo teor\u00eda, sino&nbsp;<strong>c\u00f3mo aplicar, resolver, evaluar e intervenir<\/strong>&nbsp;con seguridad. Aqu\u00ed no vienes a acumular informaci\u00f3n, vienes a desarrollar habilidades. <\/p>\n\n\n<div class=\"wp-block-image\">\n<figure class=\"aligncenter size-large is-resized\" style=\"margin-top:var(--wp--preset--spacing--20);margin-bottom:var(--wp--preset--spacing--20)\"><img loading=\"lazy\" decoding=\"async\" width=\"683\" height=\"1024\" src=\"https:\/\/didactik.vip\/wp-content\/uploads\/2026\/02\/psicologa-atendiendo-683x1024.png\" alt=\"\" class=\"wp-image-273\" style=\"aspect-ratio:0.666993840113721;width:252px;height:auto\" srcset=\"https:\/\/didactik.vip\/wp-content\/uploads\/2026\/02\/psicologa-atendiendo-683x1024.png 683w, https:\/\/didactik.vip\/wp-content\/uploads\/2026\/02\/psicologa-atendiendo-200x300.png 200w, https:\/\/didactik.vip\/wp-content\/uploads\/2026\/02\/psicologa-atendiendo-768x1152.png 768w, https:\/\/didactik.vip\/wp-content\/uploads\/2026\/02\/psicologa-atendiendo.png 1024w\" sizes=\"auto, (max-width: 683px) 100vw, 683px\" \/><\/figure>\n<\/div>\n\n\n<h3 class=\"wp-block-heading has-text-align-center\"><em>Te formas para ejercer con seguridad<\/em><\/h3>\n<\/div>\n\n\n\n<div class=\"wp-block-column has-background is-layout-flow wp-block-column-is-layout-flow\" style=\"border-top-left-radius:10px;border-top-right-radius:10px;border-bottom-left-radius:10px;border-bottom-right-radius:10px;background-color:#f6fefa;padding-top:var(--wp--preset--spacing--40);padding-right:var(--wp--preset--spacing--30);padding-bottom:var(--wp--preset--spacing--40);padding-left:var(--wp--preset--spacing--30)\">\n<h3 class=\"wp-block-heading has-text-align-center\"><em>Ofrecemos<\/em><\/h3>\n\n\n\n<ul class=\"wp-block-list\">\n<li>Maestros de primer nivel.<\/li>\n\n\n\n<li>Metodolog\u00eda pr\u00e1ctica y personalizada.<\/li>\n\n\n\n<li>Clases en vivo en diferentes horarios.<\/li>\n\n\n\n<li>Plataforma online con material completo.<\/li>\n\n\n\n<li>Entrenamiento real; casos, reactivos tipo EGEL y estrategias.<\/li>\n\n\n\n<li>Acompa\u00f1amiento y retroalimentaci\u00f3n.<\/li>\n\n\n\n<li>Ambiente acogedor e inspirador.<\/li>\n<\/ul>\n\n\n<div class=\"wp-block-image\">\n<figure class=\"aligncenter size-large is-resized\"><img loading=\"lazy\" decoding=\"async\" width=\"1024\" height=\"683\" src=\"https:\/\/didactik.vip\/wp-content\/uploads\/2026\/02\/ChatGPT-Image-18-feb-2026-11_43_45-1-1024x683.png\" alt=\"\" class=\"wp-image-219\" style=\"aspect-ratio:1.4992801490514904;width:475px;height:auto\" srcset=\"https:\/\/didactik.vip\/wp-content\/uploads\/2026\/02\/ChatGPT-Image-18-feb-2026-11_43_45-1-1024x683.png 1024w, https:\/\/didactik.vip\/wp-content\/uploads\/2026\/02\/ChatGPT-Image-18-feb-2026-11_43_45-1-300x200.png 300w, https:\/\/didactik.vip\/wp-content\/uploads\/2026\/02\/ChatGPT-Image-18-feb-2026-11_43_45-1-768x512.png 768w, https:\/\/didactik.vip\/wp-content\/uploads\/2026\/02\/ChatGPT-Image-18-feb-2026-11_43_45-1.png 1536w\" sizes=\"auto, (max-width: 1024px) 100vw, 1024px\" \/><\/figure>\n<\/div>\n\n\n<h3 class=\"wp-block-heading has-text-align-center\"><em>Una formaci\u00f3n que marca la diferencia<\/em><\/h3>\n<\/div>\n<\/div>\n\n\n\n<div class=\"wp-block-media-text is-stacked-on-mobile has-background\" style=\"border-top-left-radius:20px;border-top-right-radius:20px;border-bottom-left-radius:20px;border-bottom-right-radius:20px;background-color:#fefbf6;grid-template-columns:49% auto\"><figure class=\"wp-block-media-text__media\"><img loading=\"lazy\" decoding=\"async\" width=\"1024\" height=\"683\" src=\"https:\/\/didactik.vip\/wp-content\/uploads\/2026\/02\/huella.didactik-1024x683.png\" alt=\"\" class=\"wp-image-228 size-full\" srcset=\"https:\/\/didactik.vip\/wp-content\/uploads\/2026\/02\/huella.didactik-1024x683.png 1024w, https:\/\/didactik.vip\/wp-content\/uploads\/2026\/02\/huella.didactik-300x200.png 300w, https:\/\/didactik.vip\/wp-content\/uploads\/2026\/02\/huella.didactik-768x512.png 768w, https:\/\/didactik.vip\/wp-content\/uploads\/2026\/02\/huella.didactik.png 1536w\" sizes=\"auto, (max-width: 1024px) 100vw, 1024px\" \/><\/figure><div class=\"wp-block-media-text__content\">\n<h3 class=\"wp-block-heading has-text-align-center\"><em>Una experiencia que deja huella<\/em><\/h3>\n\n\n\n<p class=\"has-text-align-center\">Porque lo que te prepara de verdad no es memorizar, es&nbsp;<strong>practicar con gu\u00eda<\/strong>, entender la l\u00f3gica de lo que te eval\u00faan y aprender a tomar decisiones como profesional. Por eso Didactik combina clases en vivo, recursos digitales y entrenamiento aplicado para que avances con confianza.<br>Sales con herramientas que se quedan contigo para siempre.<\/p>\n<\/div><\/div>\n\n\n\n<h3 class=\"wp-block-heading has-text-align-center has-theme-palette-8-background-color has-background\" style=\"border-top-left-radius:20px;border-top-right-radius:20px;border-bottom-left-radius:20px;border-bottom-right-radius:20px\"><em>Una formaci\u00f3n s\u00f3lida que se siente y realmente se nota<\/em><\/h3>\n\n\n<style>.wp-block-kadence-advancedheading.kt-adv-heading51_e62758-e1, .wp-block-kadence-advancedheading.kt-adv-heading51_e62758-e1[data-kb-block=\"kb-adv-heading51_e62758-e1\"]{text-align:center;font-style:normal;}.wp-block-kadence-advancedheading.kt-adv-heading51_e62758-e1 mark.kt-highlight, .wp-block-kadence-advancedheading.kt-adv-heading51_e62758-e1[data-kb-block=\"kb-adv-heading51_e62758-e1\"] mark.kt-highlight{font-style:normal;color:#f76a0c;-webkit-box-decoration-break:clone;box-decoration-break:clone;padding-top:0px;padding-right:0px;padding-bottom:0px;padding-left:0px;}.wp-block-kadence-advancedheading.kt-adv-heading51_e62758-e1 img.kb-inline-image, .wp-block-kadence-advancedheading.kt-adv-heading51_e62758-e1[data-kb-block=\"kb-adv-heading51_e62758-e1\"] img.kb-inline-image{width:150px;vertical-align:baseline;}<\/style>\n<h3 class=\"kt-adv-heading51_e62758-e1 wp-block-kadence-advancedheading\" data-kb-block=\"kb-adv-heading51_e62758-e1\"><em>Si vas por m\u00e1s\u2026 Didactik es tu lugar<\/em><\/h3>\n\n\n\n<p class=\"has-text-align-center\">Hay quienes estudian \u201ca ver qu\u00e9 sale\u201d\u2026 y hay quienes se preparan con estrategia. Si tu meta es un resultado alto y un desempe\u00f1o profesional s\u00f3lido, aqu\u00ed encuentras el m\u00e9todo y los recursos para lograrlo.<\/p>\n\n\n<div class=\"wp-block-image\">\n<figure class=\"aligncenter size-large is-resized\"><img loading=\"lazy\" decoding=\"async\" width=\"1024\" height=\"870\" src=\"https:\/\/didactik.vip\/wp-content\/uploads\/2026\/02\/Captura-de-pantalla-2026-02-18-a-las-14.37.41-1024x870.png\" alt=\"\" class=\"wp-image-229\" style=\"aspect-ratio:1.1770128614972863;width:239px;height:auto\" srcset=\"https:\/\/didactik.vip\/wp-content\/uploads\/2026\/02\/Captura-de-pantalla-2026-02-18-a-las-14.37.41-1024x870.png 1024w, https:\/\/didactik.vip\/wp-content\/uploads\/2026\/02\/Captura-de-pantalla-2026-02-18-a-las-14.37.41-300x255.png 300w, https:\/\/didactik.vip\/wp-content\/uploads\/2026\/02\/Captura-de-pantalla-2026-02-18-a-las-14.37.41-768x653.png 768w, https:\/\/didactik.vip\/wp-content\/uploads\/2026\/02\/Captura-de-pantalla-2026-02-18-a-las-14.37.41.png 1360w\" sizes=\"auto, (max-width: 1024px) 100vw, 1024px\" \/><\/figure>\n<\/div>\n\n<style>.wp-block-kadence-advancedheading.kt-adv-heading51_e33301-75, .wp-block-kadence-advancedheading.kt-adv-heading51_e33301-75[data-kb-block=\"kb-adv-heading51_e33301-75\"]{text-align:center;font-style:normal;}.wp-block-kadence-advancedheading.kt-adv-heading51_e33301-75 mark.kt-highlight, .wp-block-kadence-advancedheading.kt-adv-heading51_e33301-75[data-kb-block=\"kb-adv-heading51_e33301-75\"] mark.kt-highlight{font-style:normal;color:#f76a0c;-webkit-box-decoration-break:clone;box-decoration-break:clone;padding-top:0px;padding-right:0px;padding-bottom:0px;padding-left:0px;}.wp-block-kadence-advancedheading.kt-adv-heading51_e33301-75 img.kb-inline-image, .wp-block-kadence-advancedheading.kt-adv-heading51_e33301-75[data-kb-block=\"kb-adv-heading51_e33301-75\"] img.kb-inline-image{width:150px;vertical-align:baseline;}<\/style>\n<h3 class=\"kt-adv-heading51_e33301-75 wp-block-kadence-advancedheading\" data-kb-block=\"kb-adv-heading51_e33301-75\"><em>Los muchos premios EGEL CENEVAL nos avalan. <br>\u00a1T\u00fa puedes ser el siguiente!.<\/em><\/h3>\n\n\n<style>.wp-block-kadence-advancedbtn.kb-btns51_3bebbd-0b{gap:var(--global-kb-gap-xs, 0.5rem );justify-content:center;align-items:center;}.kt-btns51_3bebbd-0b .kt-button{font-weight:normal;font-style:normal;}.kt-btns51_3bebbd-0b .kt-btn-wrap-0{margin-right:5px;}.wp-block-kadence-advancedbtn.kt-btns51_3bebbd-0b .kt-btn-wrap-0 .kt-button{color:#555555;border-color:#555555;}.wp-block-kadence-advancedbtn.kt-btns51_3bebbd-0b .kt-btn-wrap-0 .kt-button:hover, .wp-block-kadence-advancedbtn.kt-btns51_3bebbd-0b .kt-btn-wrap-0 .kt-button:focus{color:#ffffff;border-color:#444444;}.wp-block-kadence-advancedbtn.kt-btns51_3bebbd-0b .kt-btn-wrap-0 .kt-button::before{display:none;}.wp-block-kadence-advancedbtn.kt-btns51_3bebbd-0b .kt-btn-wrap-0 .kt-button:hover, .wp-block-kadence-advancedbtn.kt-btns51_3bebbd-0b .kt-btn-wrap-0 .kt-button:focus{background:#444444;}<\/style>\n<div class=\"wp-block-kadence-advancedbtn kb-buttons-wrap kb-btns51_3bebbd-0b\"><style>ul.menu .wp-block-kadence-advancedbtn .kb-btn51_37548a-6d.kb-button{width:initial;}<\/style><a class=\"kb-button kt-button button kb-btn51_37548a-6d kt-btn-size-standard kt-btn-width-type-auto kb-btn-global-fill  kt-btn-has-text-true kt-btn-has-svg-false  wp-block-kadence-singlebtn\" href=\"https:\/\/didactik.vip\/index.php\/opiniones\/\" target=\"_blank\" rel=\"noreferrer noopener\"><span class=\"kt-btn-inner-text\">Testimonios Reales<\/span><\/a><\/div>\n\n\n\n<div class=\"wp-block-media-text is-stacked-on-mobile has-background\" style=\"border-top-left-radius:20px;border-top-right-radius:20px;border-bottom-left-radius:20px;border-bottom-right-radius:20px;background-color:#f7fdfc;grid-template-columns:24% auto\"><figure class=\"wp-block-media-text__media\"><img loading=\"lazy\" decoding=\"async\" width=\"683\" height=\"1024\" src=\"https:\/\/didactik.vip\/wp-content\/uploads\/2026\/02\/joven.carrera-683x1024.png\" alt=\"\" class=\"wp-image-243 size-full\" srcset=\"https:\/\/didactik.vip\/wp-content\/uploads\/2026\/02\/joven.carrera-683x1024.png 683w, https:\/\/didactik.vip\/wp-content\/uploads\/2026\/02\/joven.carrera-200x300.png 200w, https:\/\/didactik.vip\/wp-content\/uploads\/2026\/02\/joven.carrera-768x1152.png 768w, https:\/\/didactik.vip\/wp-content\/uploads\/2026\/02\/joven.carrera.png 1024w\" sizes=\"auto, (max-width: 683px) 100vw, 683px\" \/><\/figure><div class=\"wp-block-media-text__content\">\n<h3 class=\"wp-block-heading has-text-align-center\"><em>Comienza tu carrera al \u00e9xito<\/em><\/h3>\n\n\n\n<p class=\"has-text-align-center\">Pide informes y te enviamos programa, fechas, horarios y m\u00e1s. <br>Si ya lo tienes claro, aparta tu lugar y arranca.<\/p>\n\n\n\n<h3 class=\"wp-block-heading has-text-align-center\"><em>\u00a1Inscr\u00edbete ya!<\/em><\/h3>\n<\/div><\/div>\n\n\n\n<div class=\"wp-block-buttons is-content-justification-center is-layout-flex wp-container-core-buttons-is-layout-16018d1d wp-block-buttons-is-layout-flex\">\n<div class=\"wp-block-button\"><a class=\"wp-block-button__link wp-element-button\" href=\"https:\/\/wa.me\/5215512958609?text=Hola%20Didactik%2C%20quiero%20informes%20por%20favor\">Pide Informes por WhatsApp<\/a><\/div>\n<\/div>\n","protected":false},"excerpt":{"rendered":"<p>Aprende desde lo pr\u00e1ctico Cursos de psicolog\u00eda con metodolog\u00eda pr\u00e1ctica, personalizada y enfocada en resultados:\u00a0EGEL CENEVAL\u00a0y especialidades en \u00e1reas cl\u00ednica, educativa y organizacional.Te vas a sorprender de todo lo que en la carrera no se ve a fondo. Aqu\u00ed lo aterrizas, lo practicas y lo dominas. Te preparas en serio para destacar\u00a0 \u00bfQu\u00e9 nos diferencia?&#8230;<\/p>\n","protected":false},"author":1,"featured_media":0,"parent":0,"menu_order":0,"comment_status":"closed","ping_status":"closed","template":"","meta":{"_kadence_starter_templates_imported_post":false,"_kad_post_transparent":"","_kad_post_title":"show","_kad_post_layout":"fullwidth","_kad_post_sidebar_id":"","_kad_post_content_style":"","_kad_post_vertical_padding":"hide","_kad_post_feature":"","_kad_post_feature_position":"","_kad_post_header":false,"_kad_post_footer":false,"_kad_post_classname":"","footnotes":""},"class_list":["post-51","page","type-page","status-publish","hentry"],"_links":{"self":[{"href":"https:\/\/didactik.vip\/index.php\/wp-json\/wp\/v2\/pages\/51","targetHints":{"allow":["GET"]}}],"collection":[{"href":"https:\/\/didactik.vip\/index.php\/wp-json\/wp\/v2\/pages"}],"about":[{"href":"https:\/\/didactik.vip\/index.php\/wp-json\/wp\/v2\/types\/page"}],"author":[{"embeddable":true,"href":"https:\/\/didactik.vip\/index.php\/wp-json\/wp\/v2\/users\/1"}],"replies":[{"embeddable":true,"href":"https:\/\/didactik.vip\/index.php\/wp-json\/wp\/v2\/comments?post=51"}],"version-history":[{"count":48,"href":"https:\/\/didactik.vip\/index.php\/wp-json\/wp\/v2\/pages\/51\/revisions"}],"predecessor-version":[{"id":511,"href":"https:\/\/didactik.vip\/index.php\/wp-json\/wp\/v2\/pages\/51\/revisions\/511"}],"wp:attachment":[{"href":"https:\/\/didactik.vip\/index.php\/wp-json\/wp\/v2\/media?parent=51"}],"curies":[{"name":"wp","href":"https:\/\/api.w.org\/{rel}","templated":true}]}}