{"id":22,"date":"2026-01-30T14:53:53","date_gmt":"2026-01-30T14:53:53","guid":{"rendered":"https:\/\/didactik.vip\/?page_id=22"},"modified":"2026-03-11T21:35:06","modified_gmt":"2026-03-11T21:35:06","slug":"opiniones","status":"publish","type":"page","link":"https:\/\/didactik.vip\/index.php\/opiniones\/","title":{"rendered":"Historias de \u00c9xito en el EGEL"},"content":{"rendered":"\n<h3 class=\"wp-block-heading has-text-align-center has-theme-palette-9-color has-text-color has-background has-link-color wp-elements-2091722f7bc98b5ce790d9baea8ba1cd\" style=\"background-color:#d59af7\"><em>Cuando el resultado importa, la preparaci\u00f3n tambi\u00e9n.<\/em><\/h3>\n\n\n\n<h3 class=\"wp-block-heading has-text-align-center has-theme-palette-8-background-color has-background\"><em>Psic\u00f3logos que alcanzaron nivel Sobresaliente en el EGEL<\/em><\/h3>\n\n\n\n<p class=\"has-text-align-center\"><em>Formaci\u00f3n estrat\u00e9gica. M\u00e9todo probado. Resultados reales.<\/em><\/p>\n\n\n\n<div class=\"wp-block-media-text is-stacked-on-mobile is-vertically-aligned-center has-background\" style=\"background-color:#faf5fa;grid-template-columns:49% auto\"><figure class=\"wp-block-media-text__media\"><video controls src=\"https:\/\/didactik.vip\/wp-content\/uploads\/2026\/01\/Damary.mp4\"><\/video><\/figure><div class=\"wp-block-media-text__content\">\n<p class=\"has-text-align-center has-text-color has-link-color has-medium-font-size wp-elements-55e0214aabbbf9e0e4894a404a92beec\" style=\"color:#9601f7\"><em>\u00abEncontr\u00e9 una preparaci\u00f3n que super\u00f3 lo que vi en toda la carrera\u00bb<\/em>.<\/p>\n\n\n<style>.wp-block-kadence-advancedheading.kt-adv-heading22_6baad6-94, .wp-block-kadence-advancedheading.kt-adv-heading22_6baad6-94[data-kb-block=\"kb-adv-heading22_6baad6-94\"]{text-align:center;font-size:var(--global-kb-font-size-sm, 0.9rem);font-style:normal;}.wp-block-kadence-advancedheading.kt-adv-heading22_6baad6-94 mark.kt-highlight, .wp-block-kadence-advancedheading.kt-adv-heading22_6baad6-94[data-kb-block=\"kb-adv-heading22_6baad6-94\"] mark.kt-highlight{font-style:normal;color:#f76a0c;-webkit-box-decoration-break:clone;box-decoration-break:clone;padding-top:0px;padding-right:0px;padding-bottom:0px;padding-left:0px;}.wp-block-kadence-advancedheading.kt-adv-heading22_6baad6-94 img.kb-inline-image, .wp-block-kadence-advancedheading.kt-adv-heading22_6baad6-94[data-kb-block=\"kb-adv-heading22_6baad6-94\"] img.kb-inline-image{width:150px;vertical-align:baseline;}<\/style>\n<p class=\"kt-adv-heading22_6baad6-94 wp-block-kadence-advancedheading has-theme-palette-6-color has-text-color\" data-kb-block=\"kb-adv-heading22_6baad6-94\">Clases din\u00e1micas, acompa\u00f1amiento cercano y enfoque total en el EGEL.<\/p>\n<\/div><\/div>\n\n\n\n<div class=\"wp-block-columns is-layout-flex wp-container-core-columns-is-layout-9d6595d7 wp-block-columns-is-layout-flex\">\n<div class=\"wp-block-column is-layout-flow wp-block-column-is-layout-flow\">\n<div class=\"wp-block-media-text is-stacked-on-mobile has-theme-palette-8-background-color has-background\"><figure class=\"wp-block-media-text__media\"><video controls src=\"https:\/\/didactik.vip\/wp-content\/uploads\/2026\/01\/Video.Tiktok.Flexibilidad.Accesibilidad.EGEL_-8.mp4\"><\/video><\/figure><div class=\"wp-block-media-text__content\">\n<p class=\"has-text-align-center has-text-color has-link-color has-medium-font-size wp-elements-d3a0f79c6184daf69adcd3f7e6e76a2a\" style=\"color:#9601f7\"><em>\u201cPude prepararme aunque mi tiempo era limitado\u201d<\/em><\/p>\n\n\n\n<p class=\"has-text-align-center has-theme-palette-6-color has-text-color has-link-color has-small-font-size wp-elements-8ecc613571bff4ebaf114b58f2954353\">Clases en vivo, c\u00e1psulas grabadas y metodolog\u00eda flexible para quienes trabajan.<\/p>\n<\/div><\/div>\n<\/div>\n\n\n\n<div class=\"wp-block-column is-layout-flow wp-block-column-is-layout-flow\">\n<div class=\"wp-block-media-text is-stacked-on-mobile has-background\" style=\"background-color:#f7f4fb\"><figure class=\"wp-block-media-text__media\"><video controls src=\"https:\/\/didactik.vip\/wp-content\/uploads\/2026\/01\/Video.Tiktok.Material.Apoyo_.EGEL_-5.mp4\"><\/video><\/figure><div class=\"wp-block-media-text__content\">\n<p class=\"has-text-align-center has-text-color has-link-color has-medium-font-size wp-elements-14dadb07f1f3a0bea53ff65f6c7490cd\" style=\"color:#9601f7\"><em>\u201cEl material tiene exactamente lo que viene en el EGEL.\u201d<\/em><\/p>\n\n\n\n<p class=\"has-text-align-center has-theme-palette-6-color has-text-color has-link-color has-small-font-size wp-elements-a5e7bb20954e2a1d525c3b1b1b86286e\">Recorrido completo por la carrera, organizado estrat\u00e9gicamente.<\/p>\n<\/div><\/div>\n<\/div>\n<\/div>\n\n\n\n<div class=\"wp-block-columns is-layout-flex wp-container-core-columns-is-layout-9d6595d7 wp-block-columns-is-layout-flex\">\n<div class=\"wp-block-column is-layout-flow wp-block-column-is-layout-flow\">\n<div class=\"wp-block-media-text is-stacked-on-mobile has-theme-palette-8-background-color has-background\"><figure class=\"wp-block-media-text__media\"><video controls src=\"https:\/\/didactik.vip\/wp-content\/uploads\/2026\/01\/Video.Tiktok.Reactivos.Egel_-2.mp4\"><\/video><\/figure><div class=\"wp-block-media-text__content\">\n<p class=\"has-text-align-center has-text-color has-link-color has-medium-font-size wp-elements-0cb4e526eacd3aafb028dac5dba85fff\" style=\"color:#9601f7\"><em>\u201cPractiqu\u00e9 con reactivos muy similares a los reales y eso fue clave en mi resultado\u201d.<\/em><\/p>\n\n\n\n<p class=\"has-text-align-center has-theme-palette-6-color has-text-color has-link-color has-small-font-size wp-elements-b535a1ee4406434b1c3dc72f99db968d\">Reactivos tipo examen y comprensi\u00f3n profunda de su l\u00f3gica.<\/p>\n<\/div><\/div>\n<\/div>\n\n\n\n<div class=\"wp-block-column is-layout-flow wp-block-column-is-layout-flow\">\n<div class=\"wp-block-media-text is-stacked-on-mobile has-background\" style=\"background-color:#f4fdfa\"><figure class=\"wp-block-media-text__media\"><video controls src=\"https:\/\/didactik.vip\/wp-content\/uploads\/2026\/01\/Video.Tiktok.Metodologia.Egel_-3.mp4\"><\/video><\/figure><div class=\"wp-block-media-text__content\">\n<p class=\"has-text-align-center has-text-color has-link-color has-medium-font-size wp-elements-efd2e6b39978913728ab25af3b14e714\" style=\"color:#9601f7\"><em>\u201cNo memoric\u00e9 conceptos. Aprend\u00ed a aplicarlos.\u201d<\/em><\/p>\n\n\n\n<p class=\"has-text-align-center has-theme-palette-6-color has-text-color has-link-color has-small-font-size wp-elements-1f37d6f82c20412423c130fa7da240ff\">Casos pr\u00e1cticos, ejemplos cotidianos y preparaci\u00f3n enfocada en resultados.<\/p>\n<\/div><\/div>\n<\/div>\n<\/div>\n\n\n\n<h3 class=\"wp-block-heading has-text-align-center has-theme-palette-9-color has-text-color has-background has-link-color wp-elements-3aefdbcd4af720bbd93c8a6608c6a9aa\" style=\"background-color:#bac8dd\"><em>El siguiente nivel Sobresaliente puede ser el tuyo<\/em><\/h3>\n\n\n<style>.wp-block-kadence-advancedbtn.kb-btns22_847361-41{gap:var(--global-kb-gap-xs, 0.5rem );justify-content:center;align-items:center;}.kt-btns22_847361-41 .kt-button{font-weight:normal;font-style:normal;}.kt-btns22_847361-41 .kt-btn-wrap-0{margin-right:5px;}.wp-block-kadence-advancedbtn.kt-btns22_847361-41 .kt-btn-wrap-0 .kt-button{color:#555555;border-color:#555555;}.wp-block-kadence-advancedbtn.kt-btns22_847361-41 .kt-btn-wrap-0 .kt-button:hover, .wp-block-kadence-advancedbtn.kt-btns22_847361-41 .kt-btn-wrap-0 .kt-button:focus{color:#ffffff;border-color:#444444;}.wp-block-kadence-advancedbtn.kt-btns22_847361-41 .kt-btn-wrap-0 .kt-button::before{display:none;}.wp-block-kadence-advancedbtn.kt-btns22_847361-41 .kt-btn-wrap-0 .kt-button:hover, .wp-block-kadence-advancedbtn.kt-btns22_847361-41 .kt-btn-wrap-0 .kt-button:focus{background:#444444;}<\/style>\n<div class=\"wp-block-kadence-advancedbtn kb-buttons-wrap kb-btns22_847361-41\"><style>ul.menu .wp-block-kadence-advancedbtn .kb-btn22_e047d9-fe.kb-button{width:initial;}<\/style><span class=\"kb-button kt-button button kb-btn22_e047d9-fe kt-btn-size-standard kt-btn-width-type-auto kb-btn-global-fill  kt-btn-has-text-true kt-btn-has-svg-false  wp-block-kadence-singlebtn\"><span class=\"kt-btn-inner-text\">Quiero inscribirme<\/span><\/span><\/div>\n\n\n\n<p><\/p>\n","protected":false},"excerpt":{"rendered":"<p>Cuando el resultado importa, la preparaci\u00f3n tambi\u00e9n. Psic\u00f3logos que alcanzaron nivel Sobresaliente en el EGEL Formaci\u00f3n estrat\u00e9gica. M\u00e9todo probado. Resultados reales. \u201cPude prepararme aunque mi tiempo era limitado\u201d Clases en vivo, c\u00e1psulas grabadas y metodolog\u00eda flexible para quienes trabajan. \u201cEl material tiene exactamente lo que viene en el EGEL.\u201d Recorrido completo por la carrera, organizado&#8230;<\/p>\n","protected":false},"author":1,"featured_media":0,"parent":0,"menu_order":0,"comment_status":"closed","ping_status":"closed","template":"","meta":{"_kadence_starter_templates_imported_post":false,"_kad_post_transparent":"","_kad_post_title":"","_kad_post_layout":"","_kad_post_sidebar_id":"","_kad_post_content_style":"","_kad_post_vertical_padding":"","_kad_post_feature":"","_kad_post_feature_position":"","_kad_post_header":false,"_kad_post_footer":false,"_kad_post_classname":"","footnotes":""},"class_list":["post-22","page","type-page","status-publish","hentry"],"_links":{"self":[{"href":"https:\/\/didactik.vip\/index.php\/wp-json\/wp\/v2\/pages\/22","targetHints":{"allow":["GET"]}}],"collection":[{"href":"https:\/\/didactik.vip\/index.php\/wp-json\/wp\/v2\/pages"}],"about":[{"href":"https:\/\/didactik.vip\/index.php\/wp-json\/wp\/v2\/types\/page"}],"author":[{"embeddable":true,"href":"https:\/\/didactik.vip\/index.php\/wp-json\/wp\/v2\/users\/1"}],"replies":[{"embeddable":true,"href":"https:\/\/didactik.vip\/index.php\/wp-json\/wp\/v2\/comments?post=22"}],"version-history":[{"count":22,"href":"https:\/\/didactik.vip\/index.php\/wp-json\/wp\/v2\/pages\/22\/revisions"}],"predecessor-version":[{"id":602,"href":"https:\/\/didactik.vip\/index.php\/wp-json\/wp\/v2\/pages\/22\/revisions\/602"}],"wp:attachment":[{"href":"https:\/\/didactik.vip\/index.php\/wp-json\/wp\/v2\/media?parent=22"}],"curies":[{"name":"wp","href":"https:\/\/api.w.org\/{rel}","templated":true}]}}